{"id":3816,"date":"2024-03-28T14:22:17","date_gmt":"2024-03-28T14:22:17","guid":{"rendered":"https:\/\/masterbuilder.qodeinteractive.com\/?page_id=3816"},"modified":"2024-12-24T06:46:50","modified_gmt":"2024-12-24T11:46:50","slug":"portfolio","status":"publish","type":"page","link":"https:\/\/groupevinolier.com\/en\/portfolio\/","title":{"rendered":"Portfolio"},"content":{"rendered":"<div data-elementor-type=\"wp-page\" data-elementor-id=\"3816\" class=\"elementor elementor-3816\">\n\t\t\t\t<div class=\"elementor-element elementor-element-defd7b1 e-con-full qodef-elementor-content-grid e-flex e-con e-parent\" data-id=\"defd7b1\" data-element_type=\"container\">\n\t\t\t\t<div class=\"elementor-element elementor-element-a6f6dbf elementor-widget elementor-widget-masterbuilder_core_portfolio_list\" data-id=\"a6f6dbf\" data-element_type=\"widget\" data-widget_type=\"masterbuilder_core_portfolio_list.default\">\n\t\t\t\t<div class=\"elementor-widget-container\">\n\t\t\t<div class=\"qodef-shortcode qodef-m  qodef-portfolio-list qodef-item-layout--info-below  qodef-grid qodef-layout--columns    qodef-col-num--3 qodef-item-layout--info-below qodef-pagination--off qodef-responsive--predefined\"  data-options=\"{&quot;plugin&quot;:&quot;masterbuilder_core&quot;,&quot;module&quot;:&quot;post-types\\\/portfolio\\\/shortcodes&quot;,&quot;shortcode&quot;:&quot;portfolio-list&quot;,&quot;post_type&quot;:&quot;portfolio-item&quot;,&quot;next_page&quot;:&quot;2&quot;,&quot;max_pages_num&quot;:1,&quot;behavior&quot;:&quot;columns&quot;,&quot;images_proportion&quot;:&quot;full&quot;,&quot;columns&quot;:&quot;3&quot;,&quot;columns_responsive&quot;:&quot;predefined&quot;,&quot;posts_per_page&quot;:&quot;9&quot;,&quot;orderby&quot;:&quot;date&quot;,&quot;order&quot;:&quot;DESC&quot;,&quot;layout&quot;:&quot;info-below&quot;,&quot;hover_animation_info-follow&quot;:&quot;follow&quot;,&quot;title_tag&quot;:&quot;h5&quot;,&quot;custom_margin&quot;:&quot;no&quot;,&quot;pagination_type&quot;:&quot;no-pagination&quot;,&quot;object_class_name&quot;:&quot;MasterBuilderCore_Portfolio_List_Shortcode&quot;,&quot;taxonomy_filter&quot;:&quot;portfolio-category&quot;,&quot;additional_query_args&quot;:[],&quot;holder_styles&quot;:[]}\">\n\t\t<div class=\"qodef-grid-inner\">\n\t\t<article class=\"qodef-e qodef-grid-item qodef-item--full post-3894 portfolio-item type-portfolio-item status-publish has-post-thumbnail hentry portfolio-category-commercial-building\">\n\t<div class=\"qodef-e-inner\" >\n\t\t<div class=\"qodef-e-media\">\n\t\t\t\t<div class=\"qodef-e-media-image\">\n\t\t<a itemprop=\"url\" href=\"https:\/\/groupevinolier.com\/en\/portfolio-item\/batiment-dacier-butler\/\" target=\"_self\">\n\t\t\t<img fetchpriority=\"high\" decoding=\"async\" width=\"640\" height=\"480\" src=\"https:\/\/groupevinolier.com\/wp-content\/uploads\/2024\/11\/entrepreneur-pour-batiments-dacier-1.jpg\" class=\"attachment-full size-full wp-post-image\" alt=\"Structure m\u00e9tallique en cours de montage, avec poutres en acier et ouvriers sur le chantier\" srcset=\"https:\/\/groupevinolier.com\/wp-content\/uploads\/2024\/11\/entrepreneur-pour-batiments-dacier-1.jpg 640w, https:\/\/groupevinolier.com\/wp-content\/uploads\/2024\/11\/entrepreneur-pour-batiments-dacier-1-300x225.jpg 300w\" sizes=\"(max-width: 640px) 100vw, 640px\" \/>\t\t<\/a>\n\t<\/div>\n\t\t<\/div>\n\t\t<div class=\"qodef-e-content\" >\n\t\t\t<div class=\"qodef-e-text\">\n\t\t\t\t<h5 itemprop=\"name\" class=\"qodef-e-title entry-title\" >\n\t<a itemprop=\"url\" class=\"qodef-e-title-link\" href=\"https:\/\/groupevinolier.com\/en\/portfolio-item\/batiment-dacier-butler\/\" target=\"_self\">\n\t\tButler Steel Building\t<\/a>\n<\/h5>\n\t\t\t<\/div>\n\t\t\t<div class=\"qodef-e-bottom-holder\">\n\t\t\t\t<div class=\"qodef-e-info\">\n\t\t\t\t\t\t<a href=\"https:\/\/groupevinolier.com\/en\/portfolio-category\/commercial-building\/\" rel=\"tag\">Commercial building<\/a>\t<div class=\"qodef-info-separator-end\"><\/div>\n\t\t\t\t<\/div>\n\t\t\t<\/div>\n\t\t<\/div>\n\t<\/div>\n<\/article>\n<article class=\"qodef-e qodef-grid-item qodef-item--full post-3893 portfolio-item type-portfolio-item status-publish has-post-thumbnail hentry portfolio-category-commercial-building\">\n\t<div class=\"qodef-e-inner\" >\n\t\t<div class=\"qodef-e-media\">\n\t\t\t\t<div class=\"qodef-e-media-image\">\n\t\t<a itemprop=\"url\" href=\"https:\/\/groupevinolier.com\/en\/portfolio-item\/batiment-dacier\/\" target=\"_self\">\n\t\t\t<img decoding=\"async\" width=\"640\" height=\"480\" src=\"https:\/\/groupevinolier.com\/wp-content\/uploads\/2024\/11\/batiment-dacier-entrepreneur-5.jpg\" class=\"attachment-full size-full wp-post-image\" alt=\"B\u00e2timent moderne en acier avec une structure \u00e9l\u00e9gante et des panneaux m\u00e9talliques, id\u00e9al pour un usage industriel ou commercial.\" srcset=\"https:\/\/groupevinolier.com\/wp-content\/uploads\/2024\/11\/batiment-dacier-entrepreneur-5.jpg 640w, https:\/\/groupevinolier.com\/wp-content\/uploads\/2024\/11\/batiment-dacier-entrepreneur-5-300x225.jpg 300w\" sizes=\"(max-width: 640px) 100vw, 640px\" \/>\t\t<\/a>\n\t<\/div>\n\t\t<\/div>\n\t\t<div class=\"qodef-e-content\" >\n\t\t\t<div class=\"qodef-e-text\">\n\t\t\t\t<h5 itemprop=\"name\" class=\"qodef-e-title entry-title\" >\n\t<a itemprop=\"url\" class=\"qodef-e-title-link\" href=\"https:\/\/groupevinolier.com\/en\/portfolio-item\/batiment-dacier\/\" target=\"_self\">\n\t\tSteel building\t<\/a>\n<\/h5>\n\t\t\t<\/div>\n\t\t\t<div class=\"qodef-e-bottom-holder\">\n\t\t\t\t<div class=\"qodef-e-info\">\n\t\t\t\t\t\t<a href=\"https:\/\/groupevinolier.com\/en\/portfolio-category\/commercial-building\/\" rel=\"tag\">Commercial building<\/a>\t<div class=\"qodef-info-separator-end\"><\/div>\n\t\t\t\t<\/div>\n\t\t\t<\/div>\n\t\t<\/div>\n\t<\/div>\n<\/article>\n\t<\/div>\n\t<\/div>\n\t\t<\/div>\n\t\t\t\t<\/div>\n\t\t\t\t<\/div>\n\t\t\t\t<\/div>","protected":false},"excerpt":{"rendered":"<p>Spa Center Architecture Spa Center Architecture Geometrical Facade Architecture Geometrical Facade Architecture Art Museum Architecture Spa Center Architecture Abstract Architecture Architecture Spa Center Architecture Spa Center Architecture<\/p>","protected":false},"author":1,"featured_media":0,"parent":0,"menu_order":0,"comment_status":"closed","ping_status":"closed","template":"page-full-width.php","meta":{"footnotes":""},"class_list":["post-3816","page","type-page","status-publish","hentry"],"yoast_head":"<!-- This site is optimized with the Yoast SEO plugin v24.1 - https:\/\/yoast.com\/wordpress\/plugins\/seo\/ -->\n<title>Nos R\u00e9alisations de B\u00e2timents Commerciaux en Acier Butler<\/title>\n<meta name=\"description\" content=\"D\u00e9couvrez nos r\u00e9alisations de b\u00e2timents commerciaux en acier Butler. Structures robustes, modernes et adapt\u00e9es aux besoins industriels.\" \/>\n<meta name=\"robots\" content=\"index, follow, max-snippet:-1, max-image-preview:large, max-video-preview:-1\" \/>\n<link rel=\"canonical\" href=\"https:\/\/groupevinolier.com\/en\/portfolio\/\" \/>\n<meta property=\"og:locale\" content=\"en_US\" \/>\n<meta property=\"og:type\" content=\"article\" \/>\n<meta property=\"og:title\" content=\"Nos R\u00e9alisations de B\u00e2timents Commerciaux en Acier Butler\" \/>\n<meta property=\"og:description\" content=\"D\u00e9couvrez nos r\u00e9alisations de b\u00e2timents commerciaux en acier Butler. Structures robustes, modernes et adapt\u00e9es aux besoins industriels.\" \/>\n<meta property=\"og:url\" content=\"https:\/\/groupevinolier.com\/en\/portfolio\/\" \/>\n<meta property=\"og:site_name\" content=\"Groupe Vinolier\" \/>\n<meta property=\"article:modified_time\" content=\"2024-12-24T11:46:50+00:00\" \/>\n<meta property=\"og:image\" content=\"https:\/\/masterbuilder.qodeinteractive.com\/wp-content\/uploads\/2024\/03\/portfolio-img-2.jpg\" \/>\n<meta name=\"twitter:card\" content=\"summary_large_image\" \/>\n<meta name=\"twitter:label1\" content=\"Est. reading time\" \/>\n\t<meta name=\"twitter:data1\" content=\"2 minutes\" \/>\n<script type=\"application\/ld+json\" class=\"yoast-schema-graph\">{\"@context\":\"https:\/\/schema.org\",\"@graph\":[{\"@type\":\"WebPage\",\"@id\":\"https:\/\/groupevinolier.com\/portfolio\/\",\"url\":\"https:\/\/groupevinolier.com\/portfolio\/\",\"name\":\"Nos R\u00e9alisations de B\u00e2timents Commerciaux en Acier Butler\",\"isPartOf\":{\"@id\":\"https:\/\/groupevinolier.com\/#website\"},\"primaryImageOfPage\":{\"@id\":\"https:\/\/groupevinolier.com\/portfolio\/#primaryimage\"},\"image\":{\"@id\":\"https:\/\/groupevinolier.com\/portfolio\/#primaryimage\"},\"thumbnailUrl\":\"https:\/\/masterbuilder.qodeinteractive.com\/wp-content\/uploads\/2024\/03\/portfolio-img-2.jpg\",\"datePublished\":\"2024-03-28T14:22:17+00:00\",\"dateModified\":\"2024-12-24T11:46:50+00:00\",\"description\":\"D\u00e9couvrez nos r\u00e9alisations de b\u00e2timents commerciaux en acier Butler. Structures robustes, modernes et adapt\u00e9es aux besoins industriels.\",\"breadcrumb\":{\"@id\":\"https:\/\/groupevinolier.com\/portfolio\/#breadcrumb\"},\"inLanguage\":\"en-CA\",\"potentialAction\":[{\"@type\":\"ReadAction\",\"target\":[\"https:\/\/groupevinolier.com\/portfolio\/\"]}]},{\"@type\":\"ImageObject\",\"inLanguage\":\"en-CA\",\"@id\":\"https:\/\/groupevinolier.com\/portfolio\/#primaryimage\",\"url\":\"https:\/\/masterbuilder.qodeinteractive.com\/wp-content\/uploads\/2024\/03\/portfolio-img-2.jpg\",\"contentUrl\":\"https:\/\/masterbuilder.qodeinteractive.com\/wp-content\/uploads\/2024\/03\/portfolio-img-2.jpg\"},{\"@type\":\"BreadcrumbList\",\"@id\":\"https:\/\/groupevinolier.com\/portfolio\/#breadcrumb\",\"itemListElement\":[{\"@type\":\"ListItem\",\"position\":1,\"name\":\"Accueil\",\"item\":\"https:\/\/groupevinolier.com\/\"},{\"@type\":\"ListItem\",\"position\":2,\"name\":\"Portfolio\"}]},{\"@type\":\"WebSite\",\"@id\":\"https:\/\/groupevinolier.com\/#website\",\"url\":\"https:\/\/groupevinolier.com\/\",\"name\":\"Groupe Vinolier\",\"description\":\"\",\"publisher\":{\"@id\":\"https:\/\/groupevinolier.com\/#organization\"},\"potentialAction\":[{\"@type\":\"SearchAction\",\"target\":{\"@type\":\"EntryPoint\",\"urlTemplate\":\"https:\/\/groupevinolier.com\/?s={search_term_string}\"},\"query-input\":{\"@type\":\"PropertyValueSpecification\",\"valueRequired\":true,\"valueName\":\"search_term_string\"}}],\"inLanguage\":\"en-CA\"},{\"@type\":\"Organization\",\"@id\":\"https:\/\/groupevinolier.com\/#organization\",\"name\":\"Groupe Vinolier\",\"url\":\"https:\/\/groupevinolier.com\/\",\"logo\":{\"@type\":\"ImageObject\",\"inLanguage\":\"en-CA\",\"@id\":\"https:\/\/groupevinolier.com\/#\/schema\/logo\/image\/\",\"url\":\"https:\/\/groupevinolier.com\/wp-content\/uploads\/2024\/12\/cropped-Logo-01-1x1-1.png\",\"contentUrl\":\"https:\/\/groupevinolier.com\/wp-content\/uploads\/2024\/12\/cropped-Logo-01-1x1-1.png\",\"width\":551,\"height\":551,\"caption\":\"Groupe Vinolier\"},\"image\":{\"@id\":\"https:\/\/groupevinolier.com\/#\/schema\/logo\/image\/\"}}]}<\/script>\n<!-- \/ Yoast SEO plugin. -->","yoast_head_json":{"title":"Nos R\u00e9alisations de B\u00e2timents Commerciaux en Acier Butler","description":"D\u00e9couvrez nos r\u00e9alisations de b\u00e2timents commerciaux en acier Butler. Structures robustes, modernes et adapt\u00e9es aux besoins industriels.","robots":{"index":"index","follow":"follow","max-snippet":"max-snippet:-1","max-image-preview":"max-image-preview:large","max-video-preview":"max-video-preview:-1"},"canonical":"https:\/\/groupevinolier.com\/en\/portfolio\/","og_locale":"en_US","og_type":"article","og_title":"Nos R\u00e9alisations de B\u00e2timents Commerciaux en Acier Butler","og_description":"D\u00e9couvrez nos r\u00e9alisations de b\u00e2timents commerciaux en acier Butler. Structures robustes, modernes et adapt\u00e9es aux besoins industriels.","og_url":"https:\/\/groupevinolier.com\/en\/portfolio\/","og_site_name":"Groupe Vinolier","article_modified_time":"2024-12-24T11:46:50+00:00","og_image":[{"url":"https:\/\/masterbuilder.qodeinteractive.com\/wp-content\/uploads\/2024\/03\/portfolio-img-2.jpg","type":"","width":"","height":""}],"twitter_card":"summary_large_image","twitter_misc":{"Est. reading time":"2 minutes"},"schema":{"@context":"https:\/\/schema.org","@graph":[{"@type":"WebPage","@id":"https:\/\/groupevinolier.com\/portfolio\/","url":"https:\/\/groupevinolier.com\/portfolio\/","name":"Nos R\u00e9alisations de B\u00e2timents Commerciaux en Acier Butler","isPartOf":{"@id":"https:\/\/groupevinolier.com\/#website"},"primaryImageOfPage":{"@id":"https:\/\/groupevinolier.com\/portfolio\/#primaryimage"},"image":{"@id":"https:\/\/groupevinolier.com\/portfolio\/#primaryimage"},"thumbnailUrl":"https:\/\/masterbuilder.qodeinteractive.com\/wp-content\/uploads\/2024\/03\/portfolio-img-2.jpg","datePublished":"2024-03-28T14:22:17+00:00","dateModified":"2024-12-24T11:46:50+00:00","description":"D\u00e9couvrez nos r\u00e9alisations de b\u00e2timents commerciaux en acier Butler. Structures robustes, modernes et adapt\u00e9es aux besoins industriels.","breadcrumb":{"@id":"https:\/\/groupevinolier.com\/portfolio\/#breadcrumb"},"inLanguage":"en-CA","potentialAction":[{"@type":"ReadAction","target":["https:\/\/groupevinolier.com\/portfolio\/"]}]},{"@type":"ImageObject","inLanguage":"en-CA","@id":"https:\/\/groupevinolier.com\/portfolio\/#primaryimage","url":"https:\/\/masterbuilder.qodeinteractive.com\/wp-content\/uploads\/2024\/03\/portfolio-img-2.jpg","contentUrl":"https:\/\/masterbuilder.qodeinteractive.com\/wp-content\/uploads\/2024\/03\/portfolio-img-2.jpg"},{"@type":"BreadcrumbList","@id":"https:\/\/groupevinolier.com\/portfolio\/#breadcrumb","itemListElement":[{"@type":"ListItem","position":1,"name":"Accueil","item":"https:\/\/groupevinolier.com\/"},{"@type":"ListItem","position":2,"name":"Portfolio"}]},{"@type":"WebSite","@id":"https:\/\/groupevinolier.com\/#website","url":"https:\/\/groupevinolier.com\/","name":"Groupe Vinolier","description":"","publisher":{"@id":"https:\/\/groupevinolier.com\/#organization"},"potentialAction":[{"@type":"SearchAction","target":{"@type":"EntryPoint","urlTemplate":"https:\/\/groupevinolier.com\/?s={search_term_string}"},"query-input":{"@type":"PropertyValueSpecification","valueRequired":true,"valueName":"search_term_string"}}],"inLanguage":"en-CA"},{"@type":"Organization","@id":"https:\/\/groupevinolier.com\/#organization","name":"Groupe Vinolier","url":"https:\/\/groupevinolier.com\/","logo":{"@type":"ImageObject","inLanguage":"en-CA","@id":"https:\/\/groupevinolier.com\/#\/schema\/logo\/image\/","url":"https:\/\/groupevinolier.com\/wp-content\/uploads\/2024\/12\/cropped-Logo-01-1x1-1.png","contentUrl":"https:\/\/groupevinolier.com\/wp-content\/uploads\/2024\/12\/cropped-Logo-01-1x1-1.png","width":551,"height":551,"caption":"Groupe Vinolier"},"image":{"@id":"https:\/\/groupevinolier.com\/#\/schema\/logo\/image\/"}}]}},"_links":{"self":[{"href":"https:\/\/groupevinolier.com\/en\/wp-json\/wp\/v2\/pages\/3816","targetHints":{"allow":["GET"]}}],"collection":[{"href":"https:\/\/groupevinolier.com\/en\/wp-json\/wp\/v2\/pages"}],"about":[{"href":"https:\/\/groupevinolier.com\/en\/wp-json\/wp\/v2\/types\/page"}],"author":[{"embeddable":true,"href":"https:\/\/groupevinolier.com\/en\/wp-json\/wp\/v2\/users\/1"}],"replies":[{"embeddable":true,"href":"https:\/\/groupevinolier.com\/en\/wp-json\/wp\/v2\/comments?post=3816"}],"version-history":[{"count":1,"href":"https:\/\/groupevinolier.com\/en\/wp-json\/wp\/v2\/pages\/3816\/revisions"}],"predecessor-version":[{"id":10797,"href":"https:\/\/groupevinolier.com\/en\/wp-json\/wp\/v2\/pages\/3816\/revisions\/10797"}],"wp:attachment":[{"href":"https:\/\/groupevinolier.com\/en\/wp-json\/wp\/v2\/media?parent=3816"}],"curies":[{"name":"wp","href":"https:\/\/api.w.org\/{rel}","templated":true}]}}