{"id":3,"date":"2024-07-29T14:35:39","date_gmt":"2024-07-29T14:35:39","guid":{"rendered":"http:\/\/groupevinolier.com\/?page_id=3"},"modified":"2024-12-24T06:39:24","modified_gmt":"2024-12-24T11:39:24","slug":"modalites-et-conditions-dutilisation-groupe-vinolier","status":"publish","type":"page","link":"https:\/\/groupevinolier.com\/en\/modalites-et-conditions-dutilisation-groupe-vinolier\/","title":{"rendered":"Terms and Conditions"},"content":{"rendered":"<div data-elementor-type=\"wp-page\" data-elementor-id=\"3\" class=\"elementor elementor-3\">\n\t\t\t\t<div class=\"elementor-element elementor-element-56222e4 e-flex e-con-boxed e-con e-parent\" data-id=\"56222e4\" data-element_type=\"container\">\n\t\t\t\t\t<div class=\"e-con-inner\">\n\t\t\t\t<div class=\"elementor-element elementor-element-33d4e218 elementor-widget elementor-widget-text-editor\" data-id=\"33d4e218\" data-element_type=\"widget\" data-widget_type=\"text-editor.default\">\n\t\t\t\t<div class=\"elementor-widget-container\">\n\t\t\t<style>\/*! elementor - v3.23.0 - 25-07-2024 *\/\n.elementor-widget-text-editor.elementor-drop-cap-view-stacked .elementor-drop-cap{background-color:#69727d;color:#fff}.elementor-widget-text-editor.elementor-drop-cap-view-framed .elementor-drop-cap{color:#69727d;border:3px solid;background-color:transparent}.elementor-widget-text-editor:not(.elementor-drop-cap-view-default) .elementor-drop-cap{margin-top:8px}.elementor-widget-text-editor:not(.elementor-drop-cap-view-default) .elementor-drop-cap-letter{width:1em;height:1em}.elementor-widget-text-editor .elementor-drop-cap{float:left;text-align:center;line-height:1;font-size:50px}.elementor-widget-text-editor .elementor-drop-cap-letter{display:inline-block}<\/style>\t\t\t\t<p>TERMS AND CONDITIONS OF WEBSITE USE  \nThis website is owned and operated by Groupe Vinolier Inc. Please review the terms and conditions governing your use of this site. By accessing this site, you agree to be bound by these terms and conditions, which may be modified at any time without prior written notice by Groupe Vinolier Inc.  \n\nThe entire content, including but not limited to all text, designs, icons, photographs, code, and software used or integrated into this site, as well as the organization and presentation of its content, are trademarks, copyrighted materials, or other intellectual property owned by Groupe Vinolier Inc.  \n\nThis website may include links to other websites. Groupe Vinolier Inc. makes no representations about any website you may access through this site and declares its complete independence from such websites. Groupe Vinolier Inc. exercises no control over the content of these external sites, and the presence of such links does not imply any endorsement of the other websites.<br>You agree that all information provided on this site is offered \"as is\" for informational purposes only, without any warranty, at any time, regarding its accuracy, including any implied warranties of quality, fitness for a particular purpose, and non-infringement. Despite reasonable efforts to ensure the accuracy and updating of the site\u2019s content, Groupe Vinolier Inc. assumes no responsibility for the accuracy or validity of statements contained in the documents and various writings on this website.  \n\nYou agree to use this website at your own risk. Groupe Vinolier Inc., its affiliates, as well as its officers, directors, employees, agents, successors, or assignees, shall under no circumstances be held liable for any damages, including, without limitation, direct, indirect, special, or consequential damages, that may result from the use of this website, even if Groupe Vinolier Inc. or one of its affiliates has been advised or should have been aware of the possibility of such damages.<br>These terms and conditions of website use are governed by and interpreted in accordance with the laws of the Province of Qu\u00e9bec, notwithstanding any jurisdictional conflicts. Any dispute related to this website, its terms and conditions, or any transaction, including the sale of a product through this website, will be governed by the laws of the Province of Qu\u00e9bec.<\/p>\n<p class=\"translation-block\">If you have any questions or comments, feel free to address them to Denis Plamondon.  \nHead Office Address: Groupe Vinolier Inc.  \n821-2010 boul. Lebourgneuf  \nQu\u00e9bec, QC G2K 0L8  \nCanada<\/p>\n<p>Groupe Vinolier Inc. is registered with the Qu\u00e9bec Enterprise Registrar under the business number (NEQ): 1178261310. The website (including its content, photos, and all other information contained in the text) is the property of Groupe Vinolier Inc. and is protected by Canadian and international copyright laws. Any reproduction or use of these materials is strictly prohibited without the consent of Groupe Vinolier Inc.<\/p>\n<p>Privacy Policy<\/p>\n<p>We are committed to respecting the privacy of our users and take the protection of their personal data very seriously. This privacy policy outlines how we collect, use, and share the information gathered through our website.<\/p>\n<p>Collection of personal data<br>We only collect personal information that is necessary to provide our services and respond to user requests. We collect the following information:<br>&nbsp;- First and last name<br>- E-mail address<br>\u2013 Postal address<br>\u2013 Phone number<\/p>\n<p class=\"translation-block\">Use of personal data. We only use the personal data collected in the following cases:<br>To respond to user requests<br>To process payments and make refunds if necessary<br>To send newsletters or promotional offers if the user has given their consent<br>To improve our services and adapt our website to the needs of users<\/p>\n<p class=\"translation-block\">Sharing of personal data<br>We do not share our users' personal data with third parties, except in the following cases:<br>Enhancements for advertising targeting with Google and Facebook<br>If the user has given their consent<br>If required by law or if a government authority asks us to provide information<\/p>\n<p>Cookies<br>We use cookies to improve the user experience on our website. Cookies are small text files that are stored on the user's hard drive. The cookies we use do not contain any personally identifiable information.<\/p>\n<p>Security of personal data<br>We take appropriate security measures to protect our users' personal information from unauthorized use, alteration, or destruction. We use security protocols to protect sensitive information transmitted online.<\/p>\n<p>User Rights<\/p>\n<p>Users have the right to:<\/p>\n<p>Access the personal data we have collected about them<br>Request correction of their personal data<br>Request the deletion of their personal data<br>Object to the use of their personal data for direct marketing purposes<br>Changes to the Privacy Policy<br>We may update this privacy policy from time to time. We encourage users to periodically review this page for any changes.<br>Si vous avez des questions ou des pr\u00e9occupations concernant notre politique de confidentialit\u00e9, n&rsquo;h\u00e9sitez pas \u00e0 nous contacter.<\/p>\n<p>The person responsible for the protection of personal information is Denis Plamondon at 418-520-2975<\/p>\n<p>Groupe Vinolier Inc. implements various internal procedures to ensure the protection of personal information. These measures aim to enhance the security of the data collected by the company and preserve its confidentiality. Our security measures are continuously improved and updated. If you have any questions or complaints regarding our personal information practices, please contact us by email at denis@groupevinolier.com or by phone at 418-520-2975, addressing Denis Plamondon.<\/p>\t\t\t\t\t\t<\/div>\n\t\t\t\t<\/div>\n\t\t\t\t\t<\/div>\n\t\t\t\t<\/div>\n\t\t\t\t<\/div>","protected":false},"excerpt":{"rendered":"<p>MODALIT\u00c9S ET CONDITIONS D&rsquo;UTILISATION DU SITE. Ce site est la propri\u00e9t\u00e9 de et contr\u00f4l\u00e9 par Groupe Vinolier Inc.. Vous \u00eates pri\u00e9s de prendre connaissance des modalit\u00e9s et conditions r\u00e9gissant l&rsquo;utilisation de ce site. En acc\u00e9dant \u00e0 ce site, vous acceptez de vous lier \u00e0 ces modalit\u00e9s et conditions, lesquelles peuvent \u00eatre modifi\u00e9es \u00e0 tout moment [&hellip;]<\/p>","protected":false},"author":1,"featured_media":0,"parent":0,"menu_order":0,"comment_status":"closed","ping_status":"closed","template":"page-full-width.php","meta":{"footnotes":""},"class_list":["post-3","page","type-page","status-publish","hentry"],"yoast_head":"<!-- This site is optimized with the Yoast SEO plugin v24.1 - https:\/\/yoast.com\/wordpress\/plugins\/seo\/ -->\n<title>Termes et Conditions - Groupe Vinolier<\/title>\n<meta name=\"description\" content=\"Consultez les modalit\u00e9s et conditions d\u2019utilisation du site de Groupe Vinolier Inc. Pour toute question, contactez-nous.\" \/>\n<meta name=\"robots\" content=\"index, follow, max-snippet:-1, max-image-preview:large, max-video-preview:-1\" \/>\n<link rel=\"canonical\" href=\"https:\/\/groupevinolier.com\/en\/modalites-et-conditions-dutilisation-groupe-vinolier\/\" \/>\n<meta property=\"og:locale\" content=\"en_US\" \/>\n<meta property=\"og:type\" content=\"article\" \/>\n<meta property=\"og:title\" content=\"Termes et Conditions - Groupe Vinolier\" \/>\n<meta property=\"og:description\" content=\"Consultez les modalit\u00e9s et conditions d\u2019utilisation du site de Groupe Vinolier Inc. Pour toute question, contactez-nous.\" \/>\n<meta property=\"og:url\" content=\"https:\/\/groupevinolier.com\/en\/modalites-et-conditions-dutilisation-groupe-vinolier\/\" \/>\n<meta property=\"og:site_name\" content=\"Groupe Vinolier\" \/>\n<meta property=\"article:modified_time\" content=\"2024-12-24T11:39:24+00:00\" \/>\n<meta name=\"twitter:card\" content=\"summary_large_image\" \/>\n<meta name=\"twitter:label1\" content=\"Est. reading time\" \/>\n\t<meta name=\"twitter:data1\" content=\"6 minutes\" \/>\n<script type=\"application\/ld+json\" class=\"yoast-schema-graph\">{\"@context\":\"https:\/\/schema.org\",\"@graph\":[{\"@type\":\"WebPage\",\"@id\":\"https:\/\/groupevinolier.com\/modalites-et-conditions-dutilisation-groupe-vinolier\/\",\"url\":\"https:\/\/groupevinolier.com\/modalites-et-conditions-dutilisation-groupe-vinolier\/\",\"name\":\"Termes et Conditions - Groupe Vinolier\",\"isPartOf\":{\"@id\":\"https:\/\/groupevinolier.com\/#website\"},\"datePublished\":\"2024-07-29T14:35:39+00:00\",\"dateModified\":\"2024-12-24T11:39:24+00:00\",\"description\":\"Consultez les modalit\u00e9s et conditions d\u2019utilisation du site de Groupe Vinolier Inc. Pour toute question, contactez-nous.\",\"breadcrumb\":{\"@id\":\"https:\/\/groupevinolier.com\/modalites-et-conditions-dutilisation-groupe-vinolier\/#breadcrumb\"},\"inLanguage\":\"en-CA\",\"potentialAction\":[{\"@type\":\"ReadAction\",\"target\":[\"https:\/\/groupevinolier.com\/modalites-et-conditions-dutilisation-groupe-vinolier\/\"]}]},{\"@type\":\"BreadcrumbList\",\"@id\":\"https:\/\/groupevinolier.com\/modalites-et-conditions-dutilisation-groupe-vinolier\/#breadcrumb\",\"itemListElement\":[{\"@type\":\"ListItem\",\"position\":1,\"name\":\"Accueil\",\"item\":\"https:\/\/groupevinolier.com\/\"},{\"@type\":\"ListItem\",\"position\":2,\"name\":\"Termes et Conditions\"}]},{\"@type\":\"WebSite\",\"@id\":\"https:\/\/groupevinolier.com\/#website\",\"url\":\"https:\/\/groupevinolier.com\/\",\"name\":\"Groupe Vinolier\",\"description\":\"\",\"publisher\":{\"@id\":\"https:\/\/groupevinolier.com\/#organization\"},\"potentialAction\":[{\"@type\":\"SearchAction\",\"target\":{\"@type\":\"EntryPoint\",\"urlTemplate\":\"https:\/\/groupevinolier.com\/?s={search_term_string}\"},\"query-input\":{\"@type\":\"PropertyValueSpecification\",\"valueRequired\":true,\"valueName\":\"search_term_string\"}}],\"inLanguage\":\"en-CA\"},{\"@type\":\"Organization\",\"@id\":\"https:\/\/groupevinolier.com\/#organization\",\"name\":\"Groupe Vinolier\",\"url\":\"https:\/\/groupevinolier.com\/\",\"logo\":{\"@type\":\"ImageObject\",\"inLanguage\":\"en-CA\",\"@id\":\"https:\/\/groupevinolier.com\/#\/schema\/logo\/image\/\",\"url\":\"https:\/\/groupevinolier.com\/wp-content\/uploads\/2024\/12\/cropped-Logo-01-1x1-1.png\",\"contentUrl\":\"https:\/\/groupevinolier.com\/wp-content\/uploads\/2024\/12\/cropped-Logo-01-1x1-1.png\",\"width\":551,\"height\":551,\"caption\":\"Groupe Vinolier\"},\"image\":{\"@id\":\"https:\/\/groupevinolier.com\/#\/schema\/logo\/image\/\"}}]}<\/script>\n<!-- \/ Yoast SEO plugin. -->","yoast_head_json":{"title":"Termes et Conditions - Groupe Vinolier","description":"Consultez les modalit\u00e9s et conditions d\u2019utilisation du site de Groupe Vinolier Inc. Pour toute question, contactez-nous.","robots":{"index":"index","follow":"follow","max-snippet":"max-snippet:-1","max-image-preview":"max-image-preview:large","max-video-preview":"max-video-preview:-1"},"canonical":"https:\/\/groupevinolier.com\/en\/modalites-et-conditions-dutilisation-groupe-vinolier\/","og_locale":"en_US","og_type":"article","og_title":"Termes et Conditions - Groupe Vinolier","og_description":"Consultez les modalit\u00e9s et conditions d\u2019utilisation du site de Groupe Vinolier Inc. Pour toute question, contactez-nous.","og_url":"https:\/\/groupevinolier.com\/en\/modalites-et-conditions-dutilisation-groupe-vinolier\/","og_site_name":"Groupe Vinolier","article_modified_time":"2024-12-24T11:39:24+00:00","twitter_card":"summary_large_image","twitter_misc":{"Est. reading time":"6 minutes"},"schema":{"@context":"https:\/\/schema.org","@graph":[{"@type":"WebPage","@id":"https:\/\/groupevinolier.com\/modalites-et-conditions-dutilisation-groupe-vinolier\/","url":"https:\/\/groupevinolier.com\/modalites-et-conditions-dutilisation-groupe-vinolier\/","name":"Termes et Conditions - Groupe Vinolier","isPartOf":{"@id":"https:\/\/groupevinolier.com\/#website"},"datePublished":"2024-07-29T14:35:39+00:00","dateModified":"2024-12-24T11:39:24+00:00","description":"Consultez les modalit\u00e9s et conditions d\u2019utilisation du site de Groupe Vinolier Inc. Pour toute question, contactez-nous.","breadcrumb":{"@id":"https:\/\/groupevinolier.com\/modalites-et-conditions-dutilisation-groupe-vinolier\/#breadcrumb"},"inLanguage":"en-CA","potentialAction":[{"@type":"ReadAction","target":["https:\/\/groupevinolier.com\/modalites-et-conditions-dutilisation-groupe-vinolier\/"]}]},{"@type":"BreadcrumbList","@id":"https:\/\/groupevinolier.com\/modalites-et-conditions-dutilisation-groupe-vinolier\/#breadcrumb","itemListElement":[{"@type":"ListItem","position":1,"name":"Accueil","item":"https:\/\/groupevinolier.com\/"},{"@type":"ListItem","position":2,"name":"Termes et Conditions"}]},{"@type":"WebSite","@id":"https:\/\/groupevinolier.com\/#website","url":"https:\/\/groupevinolier.com\/","name":"Groupe Vinolier","description":"","publisher":{"@id":"https:\/\/groupevinolier.com\/#organization"},"potentialAction":[{"@type":"SearchAction","target":{"@type":"EntryPoint","urlTemplate":"https:\/\/groupevinolier.com\/?s={search_term_string}"},"query-input":{"@type":"PropertyValueSpecification","valueRequired":true,"valueName":"search_term_string"}}],"inLanguage":"en-CA"},{"@type":"Organization","@id":"https:\/\/groupevinolier.com\/#organization","name":"Groupe Vinolier","url":"https:\/\/groupevinolier.com\/","logo":{"@type":"ImageObject","inLanguage":"en-CA","@id":"https:\/\/groupevinolier.com\/#\/schema\/logo\/image\/","url":"https:\/\/groupevinolier.com\/wp-content\/uploads\/2024\/12\/cropped-Logo-01-1x1-1.png","contentUrl":"https:\/\/groupevinolier.com\/wp-content\/uploads\/2024\/12\/cropped-Logo-01-1x1-1.png","width":551,"height":551,"caption":"Groupe Vinolier"},"image":{"@id":"https:\/\/groupevinolier.com\/#\/schema\/logo\/image\/"}}]}},"_links":{"self":[{"href":"https:\/\/groupevinolier.com\/en\/wp-json\/wp\/v2\/pages\/3","targetHints":{"allow":["GET"]}}],"collection":[{"href":"https:\/\/groupevinolier.com\/en\/wp-json\/wp\/v2\/pages"}],"about":[{"href":"https:\/\/groupevinolier.com\/en\/wp-json\/wp\/v2\/types\/page"}],"author":[{"embeddable":true,"href":"https:\/\/groupevinolier.com\/en\/wp-json\/wp\/v2\/users\/1"}],"replies":[{"embeddable":true,"href":"https:\/\/groupevinolier.com\/en\/wp-json\/wp\/v2\/comments?post=3"}],"version-history":[{"count":7,"href":"https:\/\/groupevinolier.com\/en\/wp-json\/wp\/v2\/pages\/3\/revisions"}],"predecessor-version":[{"id":10131,"href":"https:\/\/groupevinolier.com\/en\/wp-json\/wp\/v2\/pages\/3\/revisions\/10131"}],"wp:attachment":[{"href":"https:\/\/groupevinolier.com\/en\/wp-json\/wp\/v2\/media?parent=3"}],"curies":[{"name":"wp","href":"https:\/\/api.w.org\/{rel}","templated":true}]}}