{"id":2590,"date":"2024-03-25T10:05:58","date_gmt":"2024-03-25T10:05:58","guid":{"rendered":"https:\/\/masterbuilder.qodeinteractive.com\/?page_id=2590"},"modified":"2024-12-24T06:25:05","modified_gmt":"2024-12-24T11:25:05","slug":"a-propos-de-nous","status":"publish","type":"page","link":"https:\/\/groupevinolier.com\/en\/a-propos-de-nous\/","title":{"rendered":"About US"},"content":{"rendered":"<div data-elementor-type=\"wp-page\" data-elementor-id=\"2590\" class=\"elementor elementor-2590\">\n\t\t\t\t<div class=\"elementor-element elementor-element-ab1bf43 e-con-full parrallax-fix e-flex e-con e-parent\" data-id=\"ab1bf43\" data-element_type=\"container\">\n\t\t\t\t<div class=\"elementor-element elementor-element-2947848 elementor-widget elementor-widget-image\" data-id=\"2947848\" data-element_type=\"widget\" data-widget_type=\"image.default\">\n\t\t\t\t<div class=\"elementor-widget-container\">\n\t\t\t<style>\/*! elementor - v3.23.0 - 25-07-2024 *\/\n.elementor-widget-image{text-align:center}.elementor-widget-image a{display:inline-block}.elementor-widget-image a img[src$=\".svg\"]{width:48px}.elementor-widget-image img{vertical-align:middle;display:inline-block}<\/style>\t\t\t\t\t\t\t\t\t\t<img fetchpriority=\"high\" decoding=\"async\" width=\"900\" height=\"573\" src=\"https:\/\/groupevinolier.com\/wp-content\/uploads\/2024\/12\/Evergreen12.jpg\" class=\"attachment-large size-large wp-image-10532\" alt=\"\" srcset=\"https:\/\/groupevinolier.com\/wp-content\/uploads\/2024\/12\/Evergreen12.jpg 900w, https:\/\/groupevinolier.com\/wp-content\/uploads\/2024\/12\/Evergreen12-300x191.jpg 300w, https:\/\/groupevinolier.com\/wp-content\/uploads\/2024\/12\/Evergreen12-768x489.jpg 768w, https:\/\/groupevinolier.com\/wp-content\/uploads\/2024\/12\/Evergreen12-18x12.jpg 18w\" sizes=\"(max-width: 900px) 100vw, 900px\" \/>\t\t\t\t\t\t\t\t\t\t\t\t\t<\/div>\n\t\t\t\t<\/div>\n\t\t<div class=\"elementor-element elementor-element-b9220e0 e-flex e-con-boxed e-con e-child\" data-id=\"b9220e0\" data-element_type=\"container\">\n\t\t\t\t\t<div class=\"e-con-inner\">\n\t\t\t\t<div class=\"elementor-element elementor-element-d11e29d elementor-widget__width-initial elementor-widget elementor-widget-heading\" data-id=\"d11e29d\" data-element_type=\"widget\" data-widget_type=\"heading.default\">\n\t\t\t\t<div class=\"elementor-widget-container\">\n\t\t\t<style>\/*! elementor - v3.23.0 - 25-07-2024 *\/\n.elementor-heading-title{padding:0;margin:0;line-height:1}.elementor-widget-heading .elementor-heading-title[class*=elementor-size-]>a{color:inherit;font-size:inherit;line-height:inherit}.elementor-widget-heading .elementor-heading-title.elementor-size-small{font-size:15px}.elementor-widget-heading .elementor-heading-title.elementor-size-medium{font-size:19px}.elementor-widget-heading .elementor-heading-title.elementor-size-large{font-size:29px}.elementor-widget-heading .elementor-heading-title.elementor-size-xl{font-size:39px}.elementor-widget-heading .elementor-heading-title.elementor-size-xxl{font-size:59px}<\/style><p class=\"elementor-heading-title elementor-size-default\">A Propos de nous<\/p>\t\t<\/div>\n\t\t\t\t<\/div>\n\t\t\t\t\t<\/div>\n\t\t\t\t<\/div>\n\t\t\t\t<\/div>\n\t\t<div class=\"elementor-element elementor-element-a1ea565 e-con-full qodef-elementor-content-grid e-flex e-con e-parent\" data-id=\"a1ea565\" data-element_type=\"container\">\n\t\t\t\t<div class=\"elementor-element elementor-element-efc9137 elementor-widget elementor-widget-text-editor\" data-id=\"efc9137\" data-element_type=\"widget\" data-widget_type=\"text-editor.default\">\n\t\t\t\t<div class=\"elementor-widget-container\">\n\t\t\t<style>\/*! elementor - v3.23.0 - 25-07-2024 *\/\n.elementor-widget-text-editor.elementor-drop-cap-view-stacked .elementor-drop-cap{background-color:#69727d;color:#fff}.elementor-widget-text-editor.elementor-drop-cap-view-framed .elementor-drop-cap{color:#69727d;border:3px solid;background-color:transparent}.elementor-widget-text-editor:not(.elementor-drop-cap-view-default) .elementor-drop-cap{margin-top:8px}.elementor-widget-text-editor:not(.elementor-drop-cap-view-default) .elementor-drop-cap-letter{width:1em;height:1em}.elementor-widget-text-editor .elementor-drop-cap{float:left;text-align:center;line-height:1;font-size:50px}.elementor-widget-text-editor .elementor-drop-cap-letter{display:inline-block}<\/style>\t\t\t\t<h2><span style=\"font-weight: 400;\">About the Vinolier Group\u00a0<\/span><\/h2><p><span style=\"font-weight: 400;\">Denis Plamondon, a well-known figure in Quebec's construction industry, has embarked on a new chapter of his career as a consultant specializing in Butler steel building construction. After successfully leading and selling his thriving company, Constructions Jean Paul Plamondon Inc., Denis Plamondon is now leveraging his unparalleled expertise and vast professional network to assist clients with their agricultural, commercial, institutional, and industrial building projects\u00a0<\/span><\/p><h3><span style=\"font-weight: 400;\">A Leader with Proven Expertise\u00a0<\/span><\/h3><p><span style=\"font-weight: 400;\">With decades of experience at the helm of Constructions Jean Paul Plamondon Inc., Denis Plamondon has built a solid reputation not only as a contractor but also as a leader capable of bringing large-scale projects to fruition. Under his leadership, the company became an authorized Butler steel building representative for the province of Quebec, a strategic partnership that met the growing demand for high-quality steel structures.\u00a0<\/span><\/p><p><span style=\"font-weight: 400;\">Nowadays, as a consultant, Denis Plamondon continues to promote and capitalize on the unique advantages of Butler steel buildings. He offers his clients a comprehensive and personalized consulting service that covers all aspects of project planning and execution. Thanks to his expertise, he ensures that each project meets the highest quality standards while optimizing costs and timelines.\u00a0<\/span><\/p><h3><span style=\"font-weight: 400;\">A Comprehensive Consulting Service\u00a0<\/span><\/h3><p><span style=\"font-weight: 400;\">Denis Plamondon's approach as a consultant is distinguished by his ability to orchestrate the entire construction process, from initial planning to final delivery. By relying on a team of seasoned professionals, including architects, structural engineers, mechanical engineers, superintendents, foremen, and specialized contractors, Denis Plamondon ensures that every detail is considered to guarantee the project's success.\u00a0<\/span><\/p><h3><span style=\"font-weight: 400;\">Here's how he works:\u00a0<\/span><\/h3><p><span style=\"font-weight: 400;\">&#8211;<\/span><b>Preparation and discussion of plans:<\/b><span style=\"font-weight: 400;\">From the outset, Denis Plamondon works closely with the client to develop preliminary plans that serve as the basis for discussions and necessary adjustments. This process ensures that the final project perfectly meets the client's specific needs.\u00a0<\/span><\/p><p><span style=\"font-weight: 400;\">&#8211;<\/span><b>Collaboration with experts:<\/b><span style=\"font-weight: 400;\">Depending on project requirements, Denis integrates architects, structural engineers, and other specialists to ensure that all technical and regulatory aspects are covered.<\/span><\/p><p><span style=\"font-weight: 400;\">&#8211;<\/span><b>Detailed planning:<\/b><span style=\"font-weight: 400;\">He oversees the preparation of documents required to obtain construction permits, as well as budgetary planning, including access to financing.\u00a0<\/span><\/p><p><span style=\"font-weight: 400;\">&#8211;<\/span><b>Implementation and follow-up:<\/b><span style=\"font-weight: 400;\">Denis Plamondon ensures that the project is executed according to plan, minimizing unforeseen circumstances through rigorous monitoring and constant communication with all stakeholders.\u00a0<\/span><\/p><p><span style=\"font-weight: 400;\">&#8211;<\/span><b>Comprehensive documentation:<\/b><span style=\"font-weight: 400;\">Upon completion of the work, he provides the client with a complete file containing the revised plans, details of the products used, the suppliers involved, and associated warranties.\u00a0<\/span><\/p><h3><span style=\"font-weight: 400;\">The Butler Advantage: Built to Last\u00a0<\/span><\/h3><p><span style=\"font-weight: 400;\">Butler steel buildings are built to stand the test of time. Thanks to advanced technology and premium materials, these structures offer exceptional durability and performance. Denis Plamondon, a seasoned expert in Butler systems, can guide you through the process of selecting the perfect solution for your specific needs.\u00a0<\/span><\/p><p><span style=\"font-weight: 400;\">Butler roofing systems, for instance, feature MR-24 technology\u2014a double-lock 360\u00b0 sealing system that provides exceptional waterproofing. This sealing method, inspired by the technique used to seal cans, offers effective protection against water infiltration, a common issue in many industrial buildings. With the precision of this technology, Butler steel structures require fewer fasteners, which helps minimize the risk of cracking and reduces long-term maintenance costs.\u00a0<\/span><\/p><p><span style=\"font-weight: 400;\">Furthermore, Butler steel panels are coated with premium finishes such as Kynar 500 and Hylar 5000, which are guaranteed against blistering, peeling, and chipping. These finishes are designed to withstand harsh weather conditions, including storms, extending the lifespan of the buildings while offering diverse aesthetic options with a color palette that meets industry standards.\u00a0<\/span><\/p><h3><span style=\"font-weight: 400;\">A Dedicated Team, Committed to Your Success\u00a0<\/span><\/h3><p><span style=\"font-weight: 400;\">As a consultant, Denis Plamondon is backed by an experienced team that shares his vision and dedication to the success of construction projects. His collaborators, including skilled architects, seasoned superintendents, competent foremen, and commercial construction contractors, are committed to working alongside him to deliver exceptional service. This synergy enables the creation of tailored solutions and the proactive anticipation of potential challenges, ensuring efficiency and effectiveness throughout the process.\u00a0<\/span><\/p><h3><span style=\"font-weight: 400;\">Client Satisfaction: Our Top Priority\u00a0<\/span><\/h3><p class=\"translation-block\"><span style=\"font-weight: 400\">Denis Plamondon's philosophy is based on a fundamental principle: working for the client and especially with him. This means that each project is managed with transparency, flexibility and attentive listening to needs and expectations. As a consultant, he makes a point of delivering projects that not only meet specifications but also live up to his clients' ambitions.<\/span><\/p><p><span style=\"font-weight: 400;\">For Denis Plamondon, the success of a construction project is not only about the quality of the structure but also about the client\u2019s satisfaction throughout the entire process. This is why he provides support at every stage, from initial planning to the building\u2019s commissioning.\u00a0<\/span><\/p><h3><span style=\"font-weight: 400;\">Shaping the Future of Construction\u00a0<\/span><\/h3><p><span style=\"font-weight: 400;\">As Denis Plamondon embarks on this new chapter as a consultant, he remains steadfast in his commitment to innovation and excellence. He continues to champion the most advanced construction technologies and guide his clients in completing their projects efficiently and cost-effectively. His in-depth expertise in Butler steel buildings, combined with his ability to bring together a multidisciplinary team, ensures the delivery of strong, durable, and high-quality results.\u00a0<\/span><\/p><p><span style=\"font-weight: 400;\">With a deep understanding of Butler steel buildings and a proven ability to lead multidisciplinary teams, Denis ensures that every project is delivered to the highest standards.<\/span><\/p>\t\t\t\t\t\t<\/div>\n\t\t\t\t<\/div>\n\t\t\t\t<\/div>\n\t\t<div class=\"elementor-element elementor-element-1cbea642 e-con-full qodef-elementor-content-grid e-flex e-con e-parent\" data-id=\"1cbea642\" data-element_type=\"container\">\n\t\t\t\t<div class=\"elementor-element elementor-element-ec1790f elementor-hidden-mobile elementor-widget elementor-widget-masterbuilder_core_custom_font\" data-id=\"ec1790f\" data-element_type=\"widget\" data-widget_type=\"masterbuilder_core_custom_font.default\">\n\t\t\t\t<div class=\"elementor-widget-container\">\n\t\t\t<p class=\"qodef-shortcode qodef-m  qodef-custom-font qodef-custom-font-920 qodef-layout--simple qodef--has-appear qodef-alignment--left\" style=\"color: #F5F5F5;font-family: Urbanist;font-size: 175px;line-height: 64px;letter-spacing: 0px;font-weight: 600;font-style: normal;text-transform: none\">\n\t<span class=\"qodef-e-inner\">\n\t\t\t\t\t<span class=\"qodef--word\"><span class=\"qode--char\" style=\"--qode-i:0\"><span class=\"qode--char-inner\">c<\/span><\/span><span class=\"qode--char\" style=\"--qode-i:1\"><span class=\"qode--char-inner\">o<\/span><\/span><span class=\"qode--char\" style=\"--qode-i:2\"><span class=\"qode--char-inner\">n<\/span><\/span><span class=\"qode--char\" style=\"--qode-i:3\"><span class=\"qode--char-inner\">s<\/span><\/span><span class=\"qode--char\" style=\"--qode-i:4\"><span class=\"qode--char-inner\">t<\/span><\/span><span class=\"qode--char\" style=\"--qode-i:5\"><span class=\"qode--char-inner\">r<\/span><\/span><span class=\"qode--char\" style=\"--qode-i:6\"><span class=\"qode--char-inner\">u<\/span><\/span><span class=\"qode--char\" style=\"--qode-i:7\"><span class=\"qode--char-inner\">c<\/span><\/span><span class=\"qode--char\" style=\"--qode-i:8\"><span class=\"qode--char-inner\">t<\/span><\/span><span class=\"qode--char\" style=\"--qode-i:9\"><span class=\"qode--char-inner\">i<\/span><\/span><span class=\"qode--char\" style=\"--qode-i:10\"><span class=\"qode--char-inner\">o<\/span><\/span><span class=\"qode--char\" style=\"--qode-i:11\"><span class=\"qode--char-inner\">n<\/span><\/span><\/span>\t\t\t<\/span>\n<\/p>\n\t\t<\/div>\n\t\t\t\t<\/div>\n\t\t\t\t<\/div>\n\t\t<div class=\"elementor-element elementor-element-2750eec e-con-full parrallax-fix e-flex e-con e-parent\" data-id=\"2750eec\" data-element_type=\"container\">\n\t\t\t\t<div class=\"elementor-element elementor-element-c1a4746 elementor-widget elementor-widget-image\" data-id=\"c1a4746\" data-element_type=\"widget\" data-widget_type=\"image.default\">\n\t\t\t\t<div class=\"elementor-widget-container\">\n\t\t\t\t\t\t\t\t\t\t\t\t\t<img decoding=\"async\" width=\"1024\" height=\"576\" src=\"https:\/\/groupevinolier.com\/wp-content\/uploads\/2024\/08\/construction-commerciale-1024x576.jpg\" class=\"attachment-large size-large wp-image-10375\" alt=\"Casquette de s\u00e9curit\u00e9 utilis\u00e9e sur les chantiers, offrant protection l\u00e9g\u00e8re et confort pour les travailleurs\" srcset=\"https:\/\/groupevinolier.com\/wp-content\/uploads\/2024\/08\/construction-commerciale-1024x576.jpg 1024w, https:\/\/groupevinolier.com\/wp-content\/uploads\/2024\/08\/construction-commerciale-300x169.jpg 300w, https:\/\/groupevinolier.com\/wp-content\/uploads\/2024\/08\/construction-commerciale-768x432.jpg 768w, https:\/\/groupevinolier.com\/wp-content\/uploads\/2024\/08\/construction-commerciale-1536x864.jpg 1536w, https:\/\/groupevinolier.com\/wp-content\/uploads\/2024\/08\/construction-commerciale-2048x1152.jpg 2048w\" sizes=\"(max-width: 1024px) 100vw, 1024px\" \/>\t\t\t\t\t\t\t\t\t\t\t\t\t<\/div>\n\t\t\t\t<\/div>\n\t\t<div class=\"elementor-element elementor-element-483d325 e-flex e-con-boxed e-con e-child\" data-id=\"483d325\" data-element_type=\"container\">\n\t\t\t\t\t<div class=\"e-con-inner\">\n\t\t\t\t<div class=\"elementor-element elementor-element-39f41b6 elementor-widget__width-initial elementor-widget elementor-widget-heading\" data-id=\"39f41b6\" data-element_type=\"widget\" data-widget_type=\"heading.default\">\n\t\t\t\t<div class=\"elementor-widget-container\">\n\t\t\t<p class=\"elementor-heading-title elementor-size-default translation-block\"><span class=\"qodef-e-inner\">\nTrust <span class=\"qodef-highlight-text\" style=\"font-weight: 600\">the expertise<\/span> of Denis Plamondon to make your Butler steel building project a reality.<\/span><\/p>\t\t<\/div>\n\t\t\t\t<\/div>\n\t\t\t\t\t<\/div>\n\t\t\t\t<\/div>\n\t\t\t\t<\/div>\n\t\t\t\t<\/div>","protected":false},"excerpt":{"rendered":"<p>A Propos de nous \u00c0 Propos du Groupe Vinolier\u00a0 Denis Plamondon, figure bien connue du secteur de la construction au Qu\u00e9bec, a r\u00e9cemment entam\u00e9 un nouveau chapitre de sa carri\u00e8re en se positionnant comme consultant pour la construction de b\u00e2timents d\u2019acier Butler. Apr\u00e8s avoir dirig\u00e9 et vendu son entreprise prosp\u00e8re, Constructions Jean Paul Plamondon Inc., [&hellip;]<\/p>","protected":false},"author":1,"featured_media":0,"parent":0,"menu_order":0,"comment_status":"closed","ping_status":"closed","template":"page-full-width.php","meta":{"footnotes":""},"class_list":["post-2590","page","type-page","status-publish","hentry"],"yoast_head":"<!-- This site is optimized with the Yoast SEO plugin v24.1 - https:\/\/yoast.com\/wordpress\/plugins\/seo\/ -->\n<title>Groupe Vinolier - Solutions de Construction d&#039;Acier Butler<\/title>\n<meta name=\"description\" content=\"Le Groupe Vinolier propose des solutions de construction d&#039;acier Butler pour vos projets, avec un service de consultation personnalis\u00e9.\" \/>\n<meta name=\"robots\" content=\"index, follow, max-snippet:-1, max-image-preview:large, max-video-preview:-1\" \/>\n<link rel=\"canonical\" href=\"https:\/\/groupevinolier.com\/en\/a-propos-de-nous\/\" \/>\n<meta property=\"og:locale\" content=\"en_US\" \/>\n<meta property=\"og:type\" content=\"article\" \/>\n<meta property=\"og:title\" content=\"Groupe Vinolier - Solutions de Construction d&#039;Acier Butler\" \/>\n<meta property=\"og:description\" content=\"Le Groupe Vinolier propose des solutions de construction d&#039;acier Butler pour vos projets, avec un service de consultation personnalis\u00e9.\" \/>\n<meta property=\"og:url\" content=\"https:\/\/groupevinolier.com\/en\/a-propos-de-nous\/\" \/>\n<meta property=\"og:site_name\" content=\"Groupe Vinolier\" \/>\n<meta property=\"article:modified_time\" content=\"2024-12-24T11:25:05+00:00\" \/>\n<meta property=\"og:image\" content=\"https:\/\/groupevinolier.com\/wp-content\/uploads\/2024\/12\/Evergreen12.jpg\" \/>\n<meta name=\"twitter:card\" content=\"summary_large_image\" \/>\n<meta name=\"twitter:label1\" content=\"Est. reading time\" \/>\n\t<meta name=\"twitter:data1\" content=\"6 minutes\" \/>\n<script type=\"application\/ld+json\" class=\"yoast-schema-graph\">{\"@context\":\"https:\/\/schema.org\",\"@graph\":[{\"@type\":\"WebPage\",\"@id\":\"https:\/\/groupevinolier.com\/a-propos-de-nous\/\",\"url\":\"https:\/\/groupevinolier.com\/a-propos-de-nous\/\",\"name\":\"Groupe Vinolier - Solutions de Construction d'Acier Butler\",\"isPartOf\":{\"@id\":\"https:\/\/groupevinolier.com\/#website\"},\"primaryImageOfPage\":{\"@id\":\"https:\/\/groupevinolier.com\/a-propos-de-nous\/#primaryimage\"},\"image\":{\"@id\":\"https:\/\/groupevinolier.com\/a-propos-de-nous\/#primaryimage\"},\"thumbnailUrl\":\"https:\/\/groupevinolier.com\/wp-content\/uploads\/2024\/12\/Evergreen12.jpg\",\"datePublished\":\"2024-03-25T10:05:58+00:00\",\"dateModified\":\"2024-12-24T11:25:05+00:00\",\"description\":\"Le Groupe Vinolier propose des solutions de construction d'acier Butler pour vos projets, avec un service de consultation personnalis\u00e9.\",\"breadcrumb\":{\"@id\":\"https:\/\/groupevinolier.com\/a-propos-de-nous\/#breadcrumb\"},\"inLanguage\":\"en-CA\",\"potentialAction\":[{\"@type\":\"ReadAction\",\"target\":[\"https:\/\/groupevinolier.com\/a-propos-de-nous\/\"]}]},{\"@type\":\"ImageObject\",\"inLanguage\":\"en-CA\",\"@id\":\"https:\/\/groupevinolier.com\/a-propos-de-nous\/#primaryimage\",\"url\":\"https:\/\/groupevinolier.com\/wp-content\/uploads\/2024\/12\/Evergreen12.jpg\",\"contentUrl\":\"https:\/\/groupevinolier.com\/wp-content\/uploads\/2024\/12\/Evergreen12.jpg\"},{\"@type\":\"BreadcrumbList\",\"@id\":\"https:\/\/groupevinolier.com\/a-propos-de-nous\/#breadcrumb\",\"itemListElement\":[{\"@type\":\"ListItem\",\"position\":1,\"name\":\"Accueil\",\"item\":\"https:\/\/groupevinolier.com\/\"},{\"@type\":\"ListItem\",\"position\":2,\"name\":\"\u00c0 propos de nous\"}]},{\"@type\":\"WebSite\",\"@id\":\"https:\/\/groupevinolier.com\/#website\",\"url\":\"https:\/\/groupevinolier.com\/\",\"name\":\"Groupe Vinolier\",\"description\":\"\",\"publisher\":{\"@id\":\"https:\/\/groupevinolier.com\/#organization\"},\"potentialAction\":[{\"@type\":\"SearchAction\",\"target\":{\"@type\":\"EntryPoint\",\"urlTemplate\":\"https:\/\/groupevinolier.com\/?s={search_term_string}\"},\"query-input\":{\"@type\":\"PropertyValueSpecification\",\"valueRequired\":true,\"valueName\":\"search_term_string\"}}],\"inLanguage\":\"en-CA\"},{\"@type\":\"Organization\",\"@id\":\"https:\/\/groupevinolier.com\/#organization\",\"name\":\"Groupe Vinolier\",\"url\":\"https:\/\/groupevinolier.com\/\",\"logo\":{\"@type\":\"ImageObject\",\"inLanguage\":\"en-CA\",\"@id\":\"https:\/\/groupevinolier.com\/#\/schema\/logo\/image\/\",\"url\":\"https:\/\/groupevinolier.com\/wp-content\/uploads\/2024\/12\/cropped-Logo-01-1x1-1.png\",\"contentUrl\":\"https:\/\/groupevinolier.com\/wp-content\/uploads\/2024\/12\/cropped-Logo-01-1x1-1.png\",\"width\":551,\"height\":551,\"caption\":\"Groupe Vinolier\"},\"image\":{\"@id\":\"https:\/\/groupevinolier.com\/#\/schema\/logo\/image\/\"}}]}<\/script>\n<!-- \/ Yoast SEO plugin. -->","yoast_head_json":{"title":"Groupe Vinolier - Solutions de Construction d'Acier Butler","description":"Le Groupe Vinolier propose des solutions de construction d'acier Butler pour vos projets, avec un service de consultation personnalis\u00e9.","robots":{"index":"index","follow":"follow","max-snippet":"max-snippet:-1","max-image-preview":"max-image-preview:large","max-video-preview":"max-video-preview:-1"},"canonical":"https:\/\/groupevinolier.com\/en\/a-propos-de-nous\/","og_locale":"en_US","og_type":"article","og_title":"Groupe Vinolier - Solutions de Construction d'Acier Butler","og_description":"Le Groupe Vinolier propose des solutions de construction d'acier Butler pour vos projets, avec un service de consultation personnalis\u00e9.","og_url":"https:\/\/groupevinolier.com\/en\/a-propos-de-nous\/","og_site_name":"Groupe Vinolier","article_modified_time":"2024-12-24T11:25:05+00:00","og_image":[{"url":"https:\/\/groupevinolier.com\/wp-content\/uploads\/2024\/12\/Evergreen12.jpg","type":"","width":"","height":""}],"twitter_card":"summary_large_image","twitter_misc":{"Est. reading time":"6 minutes"},"schema":{"@context":"https:\/\/schema.org","@graph":[{"@type":"WebPage","@id":"https:\/\/groupevinolier.com\/a-propos-de-nous\/","url":"https:\/\/groupevinolier.com\/a-propos-de-nous\/","name":"Groupe Vinolier - Solutions de Construction d'Acier Butler","isPartOf":{"@id":"https:\/\/groupevinolier.com\/#website"},"primaryImageOfPage":{"@id":"https:\/\/groupevinolier.com\/a-propos-de-nous\/#primaryimage"},"image":{"@id":"https:\/\/groupevinolier.com\/a-propos-de-nous\/#primaryimage"},"thumbnailUrl":"https:\/\/groupevinolier.com\/wp-content\/uploads\/2024\/12\/Evergreen12.jpg","datePublished":"2024-03-25T10:05:58+00:00","dateModified":"2024-12-24T11:25:05+00:00","description":"Le Groupe Vinolier propose des solutions de construction d'acier Butler pour vos projets, avec un service de consultation personnalis\u00e9.","breadcrumb":{"@id":"https:\/\/groupevinolier.com\/a-propos-de-nous\/#breadcrumb"},"inLanguage":"en-CA","potentialAction":[{"@type":"ReadAction","target":["https:\/\/groupevinolier.com\/a-propos-de-nous\/"]}]},{"@type":"ImageObject","inLanguage":"en-CA","@id":"https:\/\/groupevinolier.com\/a-propos-de-nous\/#primaryimage","url":"https:\/\/groupevinolier.com\/wp-content\/uploads\/2024\/12\/Evergreen12.jpg","contentUrl":"https:\/\/groupevinolier.com\/wp-content\/uploads\/2024\/12\/Evergreen12.jpg"},{"@type":"BreadcrumbList","@id":"https:\/\/groupevinolier.com\/a-propos-de-nous\/#breadcrumb","itemListElement":[{"@type":"ListItem","position":1,"name":"Accueil","item":"https:\/\/groupevinolier.com\/"},{"@type":"ListItem","position":2,"name":"\u00c0 propos de nous"}]},{"@type":"WebSite","@id":"https:\/\/groupevinolier.com\/#website","url":"https:\/\/groupevinolier.com\/","name":"Groupe Vinolier","description":"","publisher":{"@id":"https:\/\/groupevinolier.com\/#organization"},"potentialAction":[{"@type":"SearchAction","target":{"@type":"EntryPoint","urlTemplate":"https:\/\/groupevinolier.com\/?s={search_term_string}"},"query-input":{"@type":"PropertyValueSpecification","valueRequired":true,"valueName":"search_term_string"}}],"inLanguage":"en-CA"},{"@type":"Organization","@id":"https:\/\/groupevinolier.com\/#organization","name":"Groupe Vinolier","url":"https:\/\/groupevinolier.com\/","logo":{"@type":"ImageObject","inLanguage":"en-CA","@id":"https:\/\/groupevinolier.com\/#\/schema\/logo\/image\/","url":"https:\/\/groupevinolier.com\/wp-content\/uploads\/2024\/12\/cropped-Logo-01-1x1-1.png","contentUrl":"https:\/\/groupevinolier.com\/wp-content\/uploads\/2024\/12\/cropped-Logo-01-1x1-1.png","width":551,"height":551,"caption":"Groupe Vinolier"},"image":{"@id":"https:\/\/groupevinolier.com\/#\/schema\/logo\/image\/"}}]}},"_links":{"self":[{"href":"https:\/\/groupevinolier.com\/en\/wp-json\/wp\/v2\/pages\/2590","targetHints":{"allow":["GET"]}}],"collection":[{"href":"https:\/\/groupevinolier.com\/en\/wp-json\/wp\/v2\/pages"}],"about":[{"href":"https:\/\/groupevinolier.com\/en\/wp-json\/wp\/v2\/types\/page"}],"author":[{"embeddable":true,"href":"https:\/\/groupevinolier.com\/en\/wp-json\/wp\/v2\/users\/1"}],"replies":[{"embeddable":true,"href":"https:\/\/groupevinolier.com\/en\/wp-json\/wp\/v2\/comments?post=2590"}],"version-history":[{"count":127,"href":"https:\/\/groupevinolier.com\/en\/wp-json\/wp\/v2\/pages\/2590\/revisions"}],"predecessor-version":[{"id":10783,"href":"https:\/\/groupevinolier.com\/en\/wp-json\/wp\/v2\/pages\/2590\/revisions\/10783"}],"wp:attachment":[{"href":"https:\/\/groupevinolier.com\/en\/wp-json\/wp\/v2\/media?parent=2590"}],"curies":[{"name":"wp","href":"https:\/\/api.w.org\/{rel}","templated":true}]}}