{"id":2473,"date":"2024-03-22T11:33:28","date_gmt":"2024-03-22T11:33:28","guid":{"rendered":"https:\/\/masterbuilder.qodeinteractive.com\/?page_id=2473"},"modified":"2024-12-24T06:31:59","modified_gmt":"2024-12-24T11:31:59","slug":"contactez-nous","status":"publish","type":"page","link":"https:\/\/groupevinolier.com\/en\/contactez-nous\/","title":{"rendered":"Contact us"},"content":{"rendered":"<div data-elementor-type=\"wp-page\" data-elementor-id=\"2473\" class=\"elementor elementor-2473\">\n\t\t\t\t<div class=\"elementor-element elementor-element-b99ce22 e-con-full e-flex e-con e-parent\" data-id=\"b99ce22\" data-element_type=\"container\">\n\t\t\t\t<div class=\"elementor-element elementor-element-84c4a14 elementor-widget elementor-widget-masterbuilder_core_google_map\" data-id=\"84c4a14\" data-element_type=\"widget\" data-widget_type=\"masterbuilder_core_google_map.default\">\n\t\t\t\t<div class=\"elementor-widget-container\">\n\t\t\t<div class=\"qodef-shortcode qodef-m  qodef-google-map\">\n\t<div class=\"qodef-m-map\" id=\"qodef-map-id--494\" data-addresses='[\"https:\/\/www.google.com\/maps\/search\/173+Olson+Aveny,+New+York,+USA\/@40.8369049,-73.893151,17z\/data=!3m1!4b1?hl=en&amp;entry=ttu\"]' data-pin=\"https:\/\/groupevinolier.com\/wp-content\/uploads\/2024\/05\/pin.png\" data-unique-id=\"494\" data-height=\"396\"><\/div>\n<\/div>\n\t\t<\/div>\n\t\t\t\t<\/div>\n\t\t\t\t<\/div>\n\t\t<div class=\"elementor-element elementor-element-59dfa3ef e-con-full qodef-elementor-content-grid e-flex e-con e-parent\" data-id=\"59dfa3ef\" data-element_type=\"container\">\n\t\t<div class=\"elementor-element elementor-element-673bdf6f e-con-full e-flex e-con e-child\" data-id=\"673bdf6f\" data-element_type=\"container\">\n\t\t\t\t<div class=\"elementor-element elementor-element-a213711 elementor-widget elementor-widget-masterbuilder_core_section_title\" data-id=\"a213711\" data-element_type=\"widget\" data-widget_type=\"masterbuilder_core_section_title.default\">\n\t\t\t\t<div class=\"elementor-widget-container\">\n\t\t\t<div class=\"qodef-shortcode qodef-m  qodef-section-title qodef-alignment--left\">\n\t\t<h2 class=\"qodef-m-title\" >\n\t\t\t\t\tHappy to answer all your questions.\t\t\t<\/h2>\n\t\t<span class=\"qodef-m-subtitle\" >\n\tFeel free to contact us.\t<\/span>\n\t<\/div>\n\t\t<\/div>\n\t\t\t\t<\/div>\n\t\t\t\t<div class=\"elementor-element elementor-element-80848c6 elementor-widget elementor-widget-masterbuilder_core_section_title\" data-id=\"80848c6\" data-element_type=\"widget\" data-widget_type=\"masterbuilder_core_section_title.default\">\n\t\t\t\t<div class=\"elementor-widget-container\">\n\t\t\t<div class=\"qodef-shortcode qodef-m  qodef-section-title qodef-alignment--left\">\n\t\t\t<span class=\"qodef-m-subtitle\" style=\"color: #808080\">\n\tsupport 24\/7\t<\/span>\n\t<\/div>\n\t\t<\/div>\n\t\t\t\t<\/div>\n\t\t\t\t<div class=\"elementor-element elementor-element-d29e970 elementor-widget elementor-widget-text-editor\" data-id=\"d29e970\" data-element_type=\"widget\" data-widget_type=\"text-editor.default\">\n\t\t\t\t<div class=\"elementor-widget-container\">\n\t\t\t<style>\/*! elementor - v3.23.0 - 25-07-2024 *\/\n.elementor-widget-text-editor.elementor-drop-cap-view-stacked .elementor-drop-cap{background-color:#69727d;color:#fff}.elementor-widget-text-editor.elementor-drop-cap-view-framed .elementor-drop-cap{color:#69727d;border:3px solid;background-color:transparent}.elementor-widget-text-editor:not(.elementor-drop-cap-view-default) .elementor-drop-cap{margin-top:8px}.elementor-widget-text-editor:not(.elementor-drop-cap-view-default) .elementor-drop-cap-letter{width:1em;height:1em}.elementor-widget-text-editor .elementor-drop-cap{float:left;text-align:center;line-height:1;font-size:50px}.elementor-widget-text-editor .elementor-drop-cap-letter{display:inline-block}<\/style>\t\t\t\t<h5><a href=\"tel:418-520-2975\"><span style=\"color: #12161a;\">418-520-2975<\/span><\/a><\/h5>\t\t\t\t\t\t<\/div>\n\t\t\t\t<\/div>\n\t\t<div class=\"elementor-element elementor-element-d437833 e-con-full e-flex e-con e-child\" data-id=\"d437833\" data-element_type=\"container\">\n\t\t<div class=\"elementor-element elementor-element-882297e e-con-full e-flex e-con e-child\" data-id=\"882297e\" data-element_type=\"container\">\n\t\t\t\t<div class=\"elementor-element elementor-element-91382ee elementor-widget elementor-widget-masterbuilder_core_section_title\" data-id=\"91382ee\" data-element_type=\"widget\" data-widget_type=\"masterbuilder_core_section_title.default\">\n\t\t\t\t<div class=\"elementor-widget-container\">\n\t\t\t<div class=\"qodef-shortcode qodef-m  qodef-section-title qodef-alignment--left\">\n\t\t\t<span class=\"qodef-m-subtitle\" style=\"color: #808080\">\n\tOur location\t<\/span>\n\t<\/div>\n\t\t<\/div>\n\t\t\t\t<\/div>\n\t\t\t\t<div class=\"elementor-element elementor-element-d52b4ff elementor-widget elementor-widget-text-editor\" data-id=\"d52b4ff\" data-element_type=\"widget\" data-widget_type=\"text-editor.default\">\n\t\t\t\t<div class=\"elementor-widget-container\">\n\t\t\t\t\t\t\t<p><span style=\"color: #12161a;\"><span style=\"font-size: 17px;\">821-2010 boul. Lebourgneuf<\/span><\/span><\/p><p><span style=\"color: #12161a;\"><span style=\"font-size: 17px;\">Qu\u00e9bec (Qu\u00e9bec) G2K0L8<\/span><\/span><\/p><p><span style=\"color: #12161a;\"><span style=\"font-size: 17px;\">Canada<\/span><\/span><\/p><div>\u00a0<\/div>\t\t\t\t\t\t<\/div>\n\t\t\t\t<\/div>\n\t\t\t\t<\/div>\n\t\t<div class=\"elementor-element elementor-element-34a5029 e-con-full e-flex e-con e-child\" data-id=\"34a5029\" data-element_type=\"container\">\n\t\t\t\t<div class=\"elementor-element elementor-element-ebcdc64 elementor-widget elementor-widget-masterbuilder_core_section_title\" data-id=\"ebcdc64\" data-element_type=\"widget\" data-widget_type=\"masterbuilder_core_section_title.default\">\n\t\t\t\t<div class=\"elementor-widget-container\">\n\t\t\t<div class=\"qodef-shortcode qodef-m  qodef-section-title qodef-alignment--left\">\n\t\t\t<span class=\"qodef-m-subtitle\" style=\"color: #808080\">\n\tLet\u2019s work together.\t<\/span>\n\t<\/div>\n\t\t<\/div>\n\t\t\t\t<\/div>\n\t\t\t\t<div class=\"elementor-element elementor-element-4403e53 elementor-widget elementor-widget-text-editor\" data-id=\"4403e53\" data-element_type=\"widget\" data-widget_type=\"text-editor.default\">\n\t\t\t\t<div class=\"elementor-widget-container\">\n\t\t\t\t\t\t\t<p><a href=\"mailto:denis@groupevinolier.com\">denis@groupevinolier.com<\/a><\/p>\t\t\t\t\t\t<\/div>\n\t\t\t\t<\/div>\n\t\t\t\t<\/div>\n\t\t\t\t<\/div>\n\t\t\t\t<\/div>\n\t\t<div class=\"elementor-element elementor-element-1a9be01a e-con-full e-flex e-con e-child\" data-id=\"1a9be01a\" data-element_type=\"container\" data-settings=\"{&quot;background_background&quot;:&quot;classic&quot;}\">\n\t\t<div class=\"elementor-element elementor-element-3e63d389 e-con-full e-flex e-con e-child\" data-id=\"3e63d389\" data-element_type=\"container\" data-settings=\"{&quot;background_background&quot;:&quot;classic&quot;}\">\n\t\t\t\t<div class=\"elementor-element elementor-element-ac0066e elementor-widget elementor-widget-spacer\" data-id=\"ac0066e\" data-element_type=\"widget\" data-widget_type=\"spacer.default\">\n\t\t\t\t<div class=\"elementor-widget-container\">\n\t\t\t<style>\/*! elementor - v3.23.0 - 25-07-2024 *\/\n.elementor-column .elementor-spacer-inner{height:var(--spacer-size)}.e-con{--container-widget-width:100%}.e-con-inner>.elementor-widget-spacer,.e-con>.elementor-widget-spacer{width:var(--container-widget-width,var(--spacer-size));--align-self:var(--container-widget-align-self,initial);--flex-shrink:0}.e-con-inner>.elementor-widget-spacer>.elementor-widget-container,.e-con>.elementor-widget-spacer>.elementor-widget-container{height:100%;width:100%}.e-con-inner>.elementor-widget-spacer>.elementor-widget-container>.elementor-spacer,.e-con>.elementor-widget-spacer>.elementor-widget-container>.elementor-spacer{height:100%}.e-con-inner>.elementor-widget-spacer>.elementor-widget-container>.elementor-spacer>.elementor-spacer-inner,.e-con>.elementor-widget-spacer>.elementor-widget-container>.elementor-spacer>.elementor-spacer-inner{height:var(--container-widget-height,var(--spacer-size))}.e-con-inner>.elementor-widget-spacer.elementor-widget-empty,.e-con>.elementor-widget-spacer.elementor-widget-empty{position:relative;min-height:22px;min-width:22px}.e-con-inner>.elementor-widget-spacer.elementor-widget-empty .elementor-widget-empty-icon,.e-con>.elementor-widget-spacer.elementor-widget-empty .elementor-widget-empty-icon{position:absolute;top:0;bottom:0;left:0;right:0;margin:auto;padding:0;width:22px;height:22px}<\/style>\t\t<div class=\"elementor-spacer\">\n\t\t\t<div class=\"elementor-spacer-inner\"><\/div>\n\t\t<\/div>\n\t\t\t\t<\/div>\n\t\t\t\t<\/div>\n\t\t\t\t<\/div>\n\t\t\t\t<\/div>\n\t\t<div class=\"elementor-element elementor-element-15c0e339 e-con-full e-flex e-con e-child\" data-id=\"15c0e339\" data-element_type=\"container\" data-settings=\"{&quot;background_background&quot;:&quot;classic&quot;}\">\n\t\t<div class=\"elementor-element elementor-element-40e2517e e-con-full e-flex e-con e-child\" data-id=\"40e2517e\" data-element_type=\"container\" data-settings=\"{&quot;background_background&quot;:&quot;classic&quot;}\">\n\t\t\t\t<div class=\"elementor-element elementor-element-2b18c844 elementor-widget elementor-widget-text-editor\" data-id=\"2b18c844\" data-element_type=\"widget\" data-widget_type=\"text-editor.default\">\n\t\t\t\t<div class=\"elementor-widget-container\">\n\t\t\t\t\t\t\t<h5><span style=\"color: #ffffff;\">Get in touch.<\/span><\/h5>\t\t\t\t\t\t<\/div>\n\t\t\t\t<\/div>\n\t\t\t\t<div class=\"elementor-element elementor-element-6e59cf92 elementor-widget elementor-widget-text-editor\" data-id=\"6e59cf92\" data-element_type=\"widget\" data-widget_type=\"text-editor.default\">\n\t\t\t\t<div class=\"elementor-widget-container\">\n\t\t\t\t\t\t\t<p><span style=\"color: #ffffff;\">*Required fields<\/span><\/p>\t\t\t\t\t\t<\/div>\n\t\t\t\t<\/div>\n\t\t\t\t<div class=\"elementor-element elementor-element-53e12231 elementor-widget elementor-widget-wp-widget-masterbuilder_core_contact_form_7\" data-id=\"53e12231\" data-element_type=\"widget\" data-widget_type=\"wp-widget-masterbuilder_core_contact_form_7.default\">\n\t\t\t\t<div class=\"elementor-widget-container\">\n\t\t\t\t\t\t<div class=\"qodef-contact-form-7\">\n\t\t\t\t\n<div class=\"wpcf7 no-js\" id=\"wpcf7-f20-o1\" lang=\"en-US\" dir=\"ltr\" data-wpcf7-id=\"20\">\n<div class=\"screen-reader-response\"><p role=\"status\" aria-live=\"polite\" aria-atomic=\"true\"><\/p> <ul><\/ul><\/div>\n<form action=\"\/en\/wp-json\/wp\/v2\/pages\/2473#wpcf7-f20-o1\" method=\"post\" class=\"wpcf7-form init\" aria-label=\"Contact form\" novalidate=\"novalidate\" data-status=\"init\" data-trp-original-action=\"\/en\/wp-json\/wp\/v2\/pages\/2473#wpcf7-f20-o1\">\n<div style=\"display: none;\">\n<input type=\"hidden\" name=\"_wpcf7\" value=\"20\" \/>\n<input type=\"hidden\" name=\"_wpcf7_version\" value=\"6.0.2\" \/>\n<input type=\"hidden\" name=\"_wpcf7_locale\" value=\"en_US\" \/>\n<input type=\"hidden\" name=\"_wpcf7_unit_tag\" value=\"wpcf7-f20-o1\" \/>\n<input type=\"hidden\" name=\"_wpcf7_container_post\" value=\"0\" \/>\n<input type=\"hidden\" name=\"_wpcf7_posted_data_hash\" value=\"\" \/>\n<input type=\"hidden\" name=\"_wpcf7_recaptcha_response\" value=\"\" \/>\n<\/div>\n<div class=\"qodef-form-wrapper qodef--light\">\n<span class=\"wpcf7-form-control-wrap\" data-name=\"your-name\"><input size=\"40\" maxlength=\"400\" class=\"wpcf7-form-control wpcf7-text wpcf7-validates-as-required\" autocomplete=\"name\" aria-required=\"true\" aria-invalid=\"false\" placeholder=\"Name*\" value=\"\" type=\"text\" name=\"your-name\" \/><\/span>\n<span class=\"wpcf7-form-control-wrap\" data-name=\"your-email\"><input size=\"40\" maxlength=\"400\" class=\"wpcf7-form-control wpcf7-email wpcf7-validates-as-required wpcf7-text wpcf7-validates-as-email\" autocomplete=\"email\" aria-required=\"true\" aria-invalid=\"false\" placeholder=\"Email*\" value=\"\" type=\"email\" name=\"your-email\" \/><\/span>\n<span class=\"wpcf7-form-control-wrap\" data-name=\"your-phone\"><input size=\"40\" maxlength=\"400\" class=\"wpcf7-form-control wpcf7-tel wpcf7-validates-as-required wpcf7-text wpcf7-validates-as-tel\" aria-required=\"true\" aria-invalid=\"false\" placeholder=\"Phone\" value=\"\" type=\"tel\" name=\"your-phone\" \/><\/span>\n<span class=\"wpcf7-form-control-wrap\" data-name=\"your-message\"><textarea cols=\"40\" rows=\"1\" maxlength=\"2000\" class=\"wpcf7-form-control wpcf7-textarea wpcf7-validates-as-required\" aria-required=\"true\" aria-invalid=\"false\" placeholder=\"Message*\" name=\"your-message\"><\/textarea><\/span>\n<button class=\"wpcf7-form-control wpcf7-submit qodef-button qodef-size--normal qodef-layout--textual qodef-m\" type=\"submit\"><span class=\"qodef-m-text\">Send messages<\/span><span class=\"qodef-m-icon\"><svg class=\"qodef-svg--plus\" xmlns=\"http:\/\/www.w3.org\/2000\/svg\"\n     width=\"11\" height=\"11\" viewbox=\"0 0 11 11\"><line y1=\"5.5\" x2=\"11\" y2=\"5.5\"\/><line x1=\"5.5\" x2=\"5.5\" y2=\"11\"\/><\/svg><\/span><\/button>\n<\/div><div class=\"wpcf7-response-output\" aria-hidden=\"true\"><\/div>\n<input type=\"hidden\" name=\"trp-form-language\" value=\"en\"\/><\/form>\n<\/div>\n\t\t\t<\/div>\n\t\t\t\t\t<\/div>\n\t\t\t\t<\/div>\n\t\t\t\t<\/div>\n\t\t\t\t<\/div>\n\t\t\t\t<\/div>\n\t\t<div class=\"elementor-element elementor-element-665f926 e-flex e-con-boxed e-con e-parent\" data-id=\"665f926\" data-element_type=\"container\">\n\t\t\t\t\t<div class=\"e-con-inner\">\n\t\t\t\t<div class=\"elementor-element elementor-element-3703648 elementor-widget elementor-widget-google_maps\" data-id=\"3703648\" data-element_type=\"widget\" data-widget_type=\"google_maps.default\">\n\t\t\t\t<div class=\"elementor-widget-container\">\n\t\t\t<style>\/*! elementor - v3.23.0 - 25-07-2024 *\/\n.elementor-widget-google_maps .elementor-widget-container{overflow:hidden}.elementor-widget-google_maps .elementor-custom-embed{line-height:0}.elementor-widget-google_maps iframe{height:300px}<\/style>\t\t<div class=\"elementor-custom-embed\">\n\t\t\t<iframe loading=\"lazy\"\n\t\t\t\t\tsrc=\"https:\/\/maps.google.com\/maps?q=2010%20Bd%20Lebourgneuf%20%23821&#038;t=m&#038;z=10&#038;output=embed&#038;iwloc=near\"\n\t\t\t\t\ttitle=\"2010 Bd Lebourgneuf #821\"\n\t\t\t\t\taria-label=\"2010 Bd Lebourgneuf #821\"\n\t\t\t><\/iframe>\n\t\t<\/div>\n\t\t\t\t<\/div>\n\t\t\t\t<\/div>\n\t\t\t\t\t<\/div>\n\t\t\t\t<\/div>\n\t\t\t\t<\/div>","protected":false},"excerpt":{"rendered":"<p>Heureux de r\u00e9pondre \u00e0 toutes vos questions N&#039;h\u00e9sitez pas \u00e0 nous contacter support 24\/7 418-520-2975 Notre emplacement 821-2010 boul. Lebourgneuf Qu\u00e9bec (Qu\u00e9bec) G2K0L8 Canada \u00a0 Travaillons ensemble denis@groupevinolier.com Prenez contact *Champs obligatoires<\/p>","protected":false},"author":1,"featured_media":0,"parent":0,"menu_order":0,"comment_status":"closed","ping_status":"closed","template":"page-full-width.php","meta":{"footnotes":""},"class_list":["post-2473","page","type-page","status-publish","hentry"],"yoast_head":"<!-- This site is optimized with the Yoast SEO plugin v24.1 - https:\/\/yoast.com\/wordpress\/plugins\/seo\/ -->\n<title>Contactez-nous - Groupe Vinolier | Support 24\/7<\/title>\n<meta name=\"description\" content=\"Contactez le Groupe Vinolier pour toute question. Support 24\/7 au 418-520-2975 ou par email \u00e0 denis@groupevinolier.com. Visitez notre bureau \u00e0 Qu\u00e9bec.\" \/>\n<meta name=\"robots\" content=\"index, follow, max-snippet:-1, max-image-preview:large, max-video-preview:-1\" \/>\n<link rel=\"canonical\" href=\"https:\/\/groupevinolier.com\/en\/contactez-nous\/\" \/>\n<meta property=\"og:locale\" content=\"en_US\" \/>\n<meta property=\"og:type\" content=\"article\" \/>\n<meta property=\"og:title\" content=\"Contactez-nous - Groupe Vinolier | Support 24\/7\" \/>\n<meta property=\"og:description\" content=\"Contactez le Groupe Vinolier pour toute question. Support 24\/7 au 418-520-2975 ou par email \u00e0 denis@groupevinolier.com. Visitez notre bureau \u00e0 Qu\u00e9bec.\" \/>\n<meta property=\"og:url\" content=\"https:\/\/groupevinolier.com\/en\/contactez-nous\/\" \/>\n<meta property=\"og:site_name\" content=\"Groupe Vinolier\" \/>\n<meta property=\"article:modified_time\" content=\"2024-12-24T11:31:59+00:00\" \/>\n<meta name=\"twitter:card\" content=\"summary_large_image\" \/>\n<meta name=\"twitter:label1\" content=\"Est. reading time\" \/>\n\t<meta name=\"twitter:data1\" content=\"1 minute\" \/>\n<script type=\"application\/ld+json\" class=\"yoast-schema-graph\">{\"@context\":\"https:\/\/schema.org\",\"@graph\":[{\"@type\":\"WebPage\",\"@id\":\"https:\/\/groupevinolier.com\/contactez-nous\/\",\"url\":\"https:\/\/groupevinolier.com\/contactez-nous\/\",\"name\":\"Contactez-nous - Groupe Vinolier | Support 24\/7\",\"isPartOf\":{\"@id\":\"https:\/\/groupevinolier.com\/#website\"},\"datePublished\":\"2024-03-22T11:33:28+00:00\",\"dateModified\":\"2024-12-24T11:31:59+00:00\",\"description\":\"Contactez le Groupe Vinolier pour toute question. Support 24\/7 au 418-520-2975 ou par email \u00e0 denis@groupevinolier.com. Visitez notre bureau \u00e0 Qu\u00e9bec.\",\"breadcrumb\":{\"@id\":\"https:\/\/groupevinolier.com\/contactez-nous\/#breadcrumb\"},\"inLanguage\":\"en-CA\",\"potentialAction\":[{\"@type\":\"ReadAction\",\"target\":[\"https:\/\/groupevinolier.com\/contactez-nous\/\"]}]},{\"@type\":\"BreadcrumbList\",\"@id\":\"https:\/\/groupevinolier.com\/contactez-nous\/#breadcrumb\",\"itemListElement\":[{\"@type\":\"ListItem\",\"position\":1,\"name\":\"Accueil\",\"item\":\"https:\/\/groupevinolier.com\/\"},{\"@type\":\"ListItem\",\"position\":2,\"name\":\"Contactez-nous\"}]},{\"@type\":\"WebSite\",\"@id\":\"https:\/\/groupevinolier.com\/#website\",\"url\":\"https:\/\/groupevinolier.com\/\",\"name\":\"Groupe Vinolier\",\"description\":\"\",\"publisher\":{\"@id\":\"https:\/\/groupevinolier.com\/#organization\"},\"potentialAction\":[{\"@type\":\"SearchAction\",\"target\":{\"@type\":\"EntryPoint\",\"urlTemplate\":\"https:\/\/groupevinolier.com\/?s={search_term_string}\"},\"query-input\":{\"@type\":\"PropertyValueSpecification\",\"valueRequired\":true,\"valueName\":\"search_term_string\"}}],\"inLanguage\":\"en-CA\"},{\"@type\":\"Organization\",\"@id\":\"https:\/\/groupevinolier.com\/#organization\",\"name\":\"Groupe Vinolier\",\"url\":\"https:\/\/groupevinolier.com\/\",\"logo\":{\"@type\":\"ImageObject\",\"inLanguage\":\"en-CA\",\"@id\":\"https:\/\/groupevinolier.com\/#\/schema\/logo\/image\/\",\"url\":\"https:\/\/groupevinolier.com\/wp-content\/uploads\/2024\/12\/cropped-Logo-01-1x1-1.png\",\"contentUrl\":\"https:\/\/groupevinolier.com\/wp-content\/uploads\/2024\/12\/cropped-Logo-01-1x1-1.png\",\"width\":551,\"height\":551,\"caption\":\"Groupe Vinolier\"},\"image\":{\"@id\":\"https:\/\/groupevinolier.com\/#\/schema\/logo\/image\/\"}}]}<\/script>\n<!-- \/ Yoast SEO plugin. -->","yoast_head_json":{"title":"Contactez-nous - Groupe Vinolier | Support 24\/7","description":"Contactez le Groupe Vinolier pour toute question. Support 24\/7 au 418-520-2975 ou par email \u00e0 denis@groupevinolier.com. Visitez notre bureau \u00e0 Qu\u00e9bec.","robots":{"index":"index","follow":"follow","max-snippet":"max-snippet:-1","max-image-preview":"max-image-preview:large","max-video-preview":"max-video-preview:-1"},"canonical":"https:\/\/groupevinolier.com\/en\/contactez-nous\/","og_locale":"en_US","og_type":"article","og_title":"Contactez-nous - Groupe Vinolier | Support 24\/7","og_description":"Contactez le Groupe Vinolier pour toute question. Support 24\/7 au 418-520-2975 ou par email \u00e0 denis@groupevinolier.com. Visitez notre bureau \u00e0 Qu\u00e9bec.","og_url":"https:\/\/groupevinolier.com\/en\/contactez-nous\/","og_site_name":"Groupe Vinolier","article_modified_time":"2024-12-24T11:31:59+00:00","twitter_card":"summary_large_image","twitter_misc":{"Est. reading time":"1 minute"},"schema":{"@context":"https:\/\/schema.org","@graph":[{"@type":"WebPage","@id":"https:\/\/groupevinolier.com\/contactez-nous\/","url":"https:\/\/groupevinolier.com\/contactez-nous\/","name":"Contactez-nous - Groupe Vinolier | Support 24\/7","isPartOf":{"@id":"https:\/\/groupevinolier.com\/#website"},"datePublished":"2024-03-22T11:33:28+00:00","dateModified":"2024-12-24T11:31:59+00:00","description":"Contactez le Groupe Vinolier pour toute question. Support 24\/7 au 418-520-2975 ou par email \u00e0 denis@groupevinolier.com. Visitez notre bureau \u00e0 Qu\u00e9bec.","breadcrumb":{"@id":"https:\/\/groupevinolier.com\/contactez-nous\/#breadcrumb"},"inLanguage":"en-CA","potentialAction":[{"@type":"ReadAction","target":["https:\/\/groupevinolier.com\/contactez-nous\/"]}]},{"@type":"BreadcrumbList","@id":"https:\/\/groupevinolier.com\/contactez-nous\/#breadcrumb","itemListElement":[{"@type":"ListItem","position":1,"name":"Accueil","item":"https:\/\/groupevinolier.com\/"},{"@type":"ListItem","position":2,"name":"Contactez-nous"}]},{"@type":"WebSite","@id":"https:\/\/groupevinolier.com\/#website","url":"https:\/\/groupevinolier.com\/","name":"Groupe Vinolier","description":"","publisher":{"@id":"https:\/\/groupevinolier.com\/#organization"},"potentialAction":[{"@type":"SearchAction","target":{"@type":"EntryPoint","urlTemplate":"https:\/\/groupevinolier.com\/?s={search_term_string}"},"query-input":{"@type":"PropertyValueSpecification","valueRequired":true,"valueName":"search_term_string"}}],"inLanguage":"en-CA"},{"@type":"Organization","@id":"https:\/\/groupevinolier.com\/#organization","name":"Groupe Vinolier","url":"https:\/\/groupevinolier.com\/","logo":{"@type":"ImageObject","inLanguage":"en-CA","@id":"https:\/\/groupevinolier.com\/#\/schema\/logo\/image\/","url":"https:\/\/groupevinolier.com\/wp-content\/uploads\/2024\/12\/cropped-Logo-01-1x1-1.png","contentUrl":"https:\/\/groupevinolier.com\/wp-content\/uploads\/2024\/12\/cropped-Logo-01-1x1-1.png","width":551,"height":551,"caption":"Groupe Vinolier"},"image":{"@id":"https:\/\/groupevinolier.com\/#\/schema\/logo\/image\/"}}]}},"_links":{"self":[{"href":"https:\/\/groupevinolier.com\/en\/wp-json\/wp\/v2\/pages\/2473","targetHints":{"allow":["GET"]}}],"collection":[{"href":"https:\/\/groupevinolier.com\/en\/wp-json\/wp\/v2\/pages"}],"about":[{"href":"https:\/\/groupevinolier.com\/en\/wp-json\/wp\/v2\/types\/page"}],"author":[{"embeddable":true,"href":"https:\/\/groupevinolier.com\/en\/wp-json\/wp\/v2\/users\/1"}],"replies":[{"embeddable":true,"href":"https:\/\/groupevinolier.com\/en\/wp-json\/wp\/v2\/comments?post=2473"}],"version-history":[{"count":19,"href":"https:\/\/groupevinolier.com\/en\/wp-json\/wp\/v2\/pages\/2473\/revisions"}],"predecessor-version":[{"id":10504,"href":"https:\/\/groupevinolier.com\/en\/wp-json\/wp\/v2\/pages\/2473\/revisions\/10504"}],"wp:attachment":[{"href":"https:\/\/groupevinolier.com\/en\/wp-json\/wp\/v2\/media?parent=2473"}],"curies":[{"name":"wp","href":"https:\/\/api.w.org\/{rel}","templated":true}]}}